{"id":132,"date":"2025-05-05T11:27:59","date_gmt":"2025-05-05T16:27:59","guid":{"rendered":"https:\/\/iamasf.org\/?page_id=132"},"modified":"2025-07-11T10:58:07","modified_gmt":"2025-07-11T15:58:07","slug":"intern-volunteer-opportunities","status":"publish","type":"page","link":"https:\/\/iamasf.org\/fr\/support\/intern-volunteer-opportunities\/","title":{"rendered":"Possibilit\u00e9s de stages et de b\u00e9n\u00e9volat"},"content":{"rendered":"<h1 style=\"text-align: center;\">Inter &amp; Volunteer Opportunities<\/h1>","protected":false},"excerpt":{"rendered":"Inter &amp; Volunteer Opportunities","protected":false},"author":1,"featured_media":779,"parent":126,"menu_order":0,"comment_status":"closed","ping_status":"closed","template":"","meta":{"_acf_changed":false,"inline_featured_image":false,"footnotes":""},"class_list":["post-132","page","type-page","status-publish","has-post-thumbnail","hentry"],"acf":[],"yoast_head":"<!-- This site is optimized with the Yoast SEO plugin v26.1.1 - https:\/\/yoast.com\/wordpress\/plugins\/seo\/ -->\n<title>Intern &amp; Volunteer Opportunities - International Art Museum of America<\/title>\n<meta name=\"description\" content=\"We depend on volunteers! Apply to volunteer at IAMA to support our mission.\" \/>\n<meta name=\"robots\" content=\"index, follow, max-snippet:-1, max-image-preview:large, max-video-preview:-1\" \/>\n<link rel=\"canonical\" href=\"https:\/\/iamasf.org\/fr\/support\/intern-volunteer-opportunities\/\" \/>\n<meta property=\"og:locale\" content=\"fr_FR\" \/>\n<meta property=\"og:type\" content=\"article\" \/>\n<meta property=\"og:title\" content=\"Intern &amp; Volunteer Opportunities - International Art Museum of America\" \/>\n<meta property=\"og:description\" content=\"We depend on volunteers! Apply to volunteer at IAMA to support our mission.\" \/>\n<meta property=\"og:url\" content=\"https:\/\/iamasf.org\/fr\/support\/intern-volunteer-opportunities\/\" \/>\n<meta property=\"og:site_name\" content=\"International Art Museum of America\" \/>\n<meta property=\"article:modified_time\" content=\"2025-07-11T15:58:07+00:00\" \/>\n<meta property=\"og:image\" content=\"https:\/\/iamasf.org\/wp-content\/uploads\/2025\/06\/firefly-forum-e1751034230731.jpg\" \/>\n\t<meta property=\"og:image:width\" content=\"1440\" \/>\n\t<meta property=\"og:image:height\" content=\"725\" \/>\n\t<meta property=\"og:image:type\" content=\"image\/jpeg\" \/>\n<meta name=\"twitter:card\" content=\"summary_large_image\" \/>\n<meta name=\"twitter:label1\" content=\"Est. reading time\" \/>\n\t<meta name=\"twitter:data1\" content=\"1 minute\" \/>\n<script type=\"application\/ld+json\" class=\"yoast-schema-graph\">{\"@context\":\"https:\/\/schema.org\",\"@graph\":[{\"@type\":\"WebPage\",\"@id\":\"https:\/\/iamasf.org\/support\/intern-volunteer-opportunities\/\",\"url\":\"https:\/\/iamasf.org\/support\/intern-volunteer-opportunities\/\",\"name\":\"Intern & Volunteer Opportunities - International Art Museum of America\",\"isPartOf\":{\"@id\":\"https:\/\/iamasf.org\/#website\"},\"primaryImageOfPage\":{\"@id\":\"https:\/\/iamasf.org\/support\/intern-volunteer-opportunities\/#primaryimage\"},\"image\":{\"@id\":\"https:\/\/iamasf.org\/support\/intern-volunteer-opportunities\/#primaryimage\"},\"thumbnailUrl\":\"https:\/\/iamasf.org\/wp-content\/uploads\/2025\/06\/firefly-forum-e1751034230731.jpg\",\"datePublished\":\"2025-05-05T16:27:59+00:00\",\"dateModified\":\"2025-07-11T15:58:07+00:00\",\"description\":\"We depend on volunteers! Apply to volunteer at IAMA to support our mission.\",\"breadcrumb\":{\"@id\":\"https:\/\/iamasf.org\/support\/intern-volunteer-opportunities\/#breadcrumb\"},\"inLanguage\":\"fr-FR\",\"potentialAction\":[{\"@type\":\"ReadAction\",\"target\":[\"https:\/\/iamasf.org\/support\/intern-volunteer-opportunities\/\"]}]},{\"@type\":\"ImageObject\",\"inLanguage\":\"fr-FR\",\"@id\":\"https:\/\/iamasf.org\/support\/intern-volunteer-opportunities\/#primaryimage\",\"url\":\"https:\/\/iamasf.org\/wp-content\/uploads\/2025\/06\/firefly-forum-e1751034230731.jpg\",\"contentUrl\":\"https:\/\/iamasf.org\/wp-content\/uploads\/2025\/06\/firefly-forum-e1751034230731.jpg\",\"width\":1440,\"height\":725},{\"@type\":\"BreadcrumbList\",\"@id\":\"https:\/\/iamasf.org\/support\/intern-volunteer-opportunities\/#breadcrumb\",\"itemListElement\":[{\"@type\":\"ListItem\",\"position\":1,\"name\":\"Home\",\"item\":\"https:\/\/iamasf.org\/\"},{\"@type\":\"ListItem\",\"position\":2,\"name\":\"Support\",\"item\":\"https:\/\/iamasf.org\/support\/\"},{\"@type\":\"ListItem\",\"position\":3,\"name\":\"Intern &#038; Volunteer Opportunities\"}]},{\"@type\":\"WebSite\",\"@id\":\"https:\/\/iamasf.org\/#website\",\"url\":\"https:\/\/iamasf.org\/\",\"name\":\"International Art Museum of America\",\"description\":\"\",\"potentialAction\":[{\"@type\":\"SearchAction\",\"target\":{\"@type\":\"EntryPoint\",\"urlTemplate\":\"https:\/\/iamasf.org\/?s={search_term_string}\"},\"query-input\":{\"@type\":\"PropertyValueSpecification\",\"valueRequired\":true,\"valueName\":\"search_term_string\"}}],\"inLanguage\":\"fr-FR\"}]}<\/script>\n<!-- \/ Yoast SEO plugin. -->","yoast_head_json":{"title":"Intern & Volunteer Opportunities - International Art Museum of America","description":"We depend on volunteers! Apply to volunteer at IAMA to support our mission.","robots":{"index":"index","follow":"follow","max-snippet":"max-snippet:-1","max-image-preview":"max-image-preview:large","max-video-preview":"max-video-preview:-1"},"canonical":"https:\/\/iamasf.org\/fr\/support\/intern-volunteer-opportunities\/","og_locale":"fr_FR","og_type":"article","og_title":"Intern & Volunteer Opportunities - International Art Museum of America","og_description":"We depend on volunteers! Apply to volunteer at IAMA to support our mission.","og_url":"https:\/\/iamasf.org\/fr\/support\/intern-volunteer-opportunities\/","og_site_name":"International Art Museum of America","article_modified_time":"2025-07-11T15:58:07+00:00","og_image":[{"width":1440,"height":725,"url":"https:\/\/iamasf.org\/wp-content\/uploads\/2025\/06\/firefly-forum-e1751034230731.jpg","type":"image\/jpeg"}],"twitter_card":"summary_large_image","twitter_misc":{"Est. reading time":"1 minute"},"schema":{"@context":"https:\/\/schema.org","@graph":[{"@type":"WebPage","@id":"https:\/\/iamasf.org\/support\/intern-volunteer-opportunities\/","url":"https:\/\/iamasf.org\/support\/intern-volunteer-opportunities\/","name":"Intern & Volunteer Opportunities - International Art Museum of America","isPartOf":{"@id":"https:\/\/iamasf.org\/#website"},"primaryImageOfPage":{"@id":"https:\/\/iamasf.org\/support\/intern-volunteer-opportunities\/#primaryimage"},"image":{"@id":"https:\/\/iamasf.org\/support\/intern-volunteer-opportunities\/#primaryimage"},"thumbnailUrl":"https:\/\/iamasf.org\/wp-content\/uploads\/2025\/06\/firefly-forum-e1751034230731.jpg","datePublished":"2025-05-05T16:27:59+00:00","dateModified":"2025-07-11T15:58:07+00:00","description":"We depend on volunteers! Apply to volunteer at IAMA to support our mission.","breadcrumb":{"@id":"https:\/\/iamasf.org\/support\/intern-volunteer-opportunities\/#breadcrumb"},"inLanguage":"fr-FR","potentialAction":[{"@type":"ReadAction","target":["https:\/\/iamasf.org\/support\/intern-volunteer-opportunities\/"]}]},{"@type":"ImageObject","inLanguage":"fr-FR","@id":"https:\/\/iamasf.org\/support\/intern-volunteer-opportunities\/#primaryimage","url":"https:\/\/iamasf.org\/wp-content\/uploads\/2025\/06\/firefly-forum-e1751034230731.jpg","contentUrl":"https:\/\/iamasf.org\/wp-content\/uploads\/2025\/06\/firefly-forum-e1751034230731.jpg","width":1440,"height":725},{"@type":"BreadcrumbList","@id":"https:\/\/iamasf.org\/support\/intern-volunteer-opportunities\/#breadcrumb","itemListElement":[{"@type":"ListItem","position":1,"name":"Home","item":"https:\/\/iamasf.org\/"},{"@type":"ListItem","position":2,"name":"Support","item":"https:\/\/iamasf.org\/support\/"},{"@type":"ListItem","position":3,"name":"Intern &#038; Volunteer Opportunities"}]},{"@type":"WebSite","@id":"https:\/\/iamasf.org\/#website","url":"https:\/\/iamasf.org\/","name":"International Art Museum of America","description":"","potentialAction":[{"@type":"SearchAction","target":{"@type":"EntryPoint","urlTemplate":"https:\/\/iamasf.org\/?s={search_term_string}"},"query-input":{"@type":"PropertyValueSpecification","valueRequired":true,"valueName":"search_term_string"}}],"inLanguage":"fr-FR"}]}},"_links":{"self":[{"href":"https:\/\/iamasf.org\/fr\/wp-json\/wp\/v2\/pages\/132","targetHints":{"allow":["GET"]}}],"collection":[{"href":"https:\/\/iamasf.org\/fr\/wp-json\/wp\/v2\/pages"}],"about":[{"href":"https:\/\/iamasf.org\/fr\/wp-json\/wp\/v2\/types\/page"}],"author":[{"embeddable":true,"href":"https:\/\/iamasf.org\/fr\/wp-json\/wp\/v2\/users\/1"}],"replies":[{"embeddable":true,"href":"https:\/\/iamasf.org\/fr\/wp-json\/wp\/v2\/comments?post=132"}],"version-history":[{"count":10,"href":"https:\/\/iamasf.org\/fr\/wp-json\/wp\/v2\/pages\/132\/revisions"}],"predecessor-version":[{"id":1604,"href":"https:\/\/iamasf.org\/fr\/wp-json\/wp\/v2\/pages\/132\/revisions\/1604"}],"up":[{"embeddable":true,"href":"https:\/\/iamasf.org\/fr\/wp-json\/wp\/v2\/pages\/126"}],"wp:featuredmedia":[{"embeddable":true,"href":"https:\/\/iamasf.org\/fr\/wp-json\/wp\/v2\/media\/779"}],"wp:attachment":[{"href":"https:\/\/iamasf.org\/fr\/wp-json\/wp\/v2\/media?parent=132"}],"curies":[{"name":"wp","href":"https:\/\/api.w.org\/{rel}","templated":true}]}}